{"id":98,"date":"2025-05-21T12:15:09","date_gmt":"2025-05-21T12:15:09","guid":{"rendered":"https:\/\/projetstage.fchamard.dev-campus.fr\/?page_id=98"},"modified":"2025-05-21T12:15:09","modified_gmt":"2025-05-21T12:15:09","slug":"notre-demarche","status":"publish","type":"page","link":"https:\/\/projetstage.fchamard.dev-campus.fr\/index.php\/notre-demarche\/","title":{"rendered":"Notre D\u00e9marche"},"content":{"rendered":"\n<div class=\"wp-block-group alignfull is-style-section-2 has-global-padding is-layout-constrained wp-block-group-is-layout-constrained is-style-section-2--1\" style=\"margin-top:0;margin-bottom:0;padding-top:var(--wp--preset--spacing--60);padding-bottom:var(--wp--preset--spacing--60)\">\n<div class=\"wp-block-columns alignwide is-layout-flex wp-container-core-columns-is-layout-643ced6b wp-block-columns-is-layout-flex\">\n<div class=\"wp-block-column is-layout-flow wp-block-column-is-layout-flow\" style=\"flex-basis:40%\">\n<figure class=\"wp-block-image size-large\"><img loading=\"lazy\" decoding=\"async\" width=\"1024\" height=\"683\" src=\"https:\/\/projetstage.fchamard.dev-campus.fr\/wp-content\/uploads\/2025\/05\/cacao-1024x683.jpg\" alt=\"\" class=\"wp-image-99\" srcset=\"https:\/\/projetstage.fchamard.dev-campus.fr\/wp-content\/uploads\/2025\/05\/cacao-1024x683.jpg 1024w, https:\/\/projetstage.fchamard.dev-campus.fr\/wp-content\/uploads\/2025\/05\/cacao-300x200.jpg 300w, https:\/\/projetstage.fchamard.dev-campus.fr\/wp-content\/uploads\/2025\/05\/cacao-768x512.jpg 768w, https:\/\/projetstage.fchamard.dev-campus.fr\/wp-content\/uploads\/2025\/05\/cacao-1536x1024.jpg 1536w, https:\/\/projetstage.fchamard.dev-campus.fr\/wp-content\/uploads\/2025\/05\/cacao-2048x1365.jpg 2048w\" sizes=\"auto, (max-width: 1024px) 100vw, 1024px\" \/><\/figure>\n<\/div>\n\n\n\n<div class=\"wp-block-column is-vertically-aligned-center is-layout-flow wp-container-core-column-is-layout-119bc444 wp-block-column-is-layout-flow\" style=\"flex-basis:60%\">\n<h2 class=\"wp-block-heading has-xx-large-font-size\">Une Veille de qualit\u00e9<\/h2>\n\n\n\n<p>Nous menons une veille constante sur les mati\u00e8res premi\u00e8res, les normes sanitaires et les tendances du march\u00e9 afin de garantir un chocolat d\u2019excellence. Nous s\u00e9lectionnons avec rigueur nos fournisseurs de cacao et privil\u00e9gions les circuits courts et durables. Cette attention continue nous permet d\u2019ajuster nos recettes et nos proc\u00e9d\u00e9s pour rester au plus haut niveau de qualit\u00e9 artisanale.<\/p>\n<\/div>\n<\/div>\n<\/div>\n\n\n\n<div class=\"wp-block-group alignfull is-style-section-5 has-global-padding is-layout-constrained wp-block-group-is-layout-constrained is-style-section-5--2\" style=\"margin-top:0;margin-bottom:0;padding-top:var(--wp--preset--spacing--50);padding-bottom:var(--wp--preset--spacing--50)\">\n<div class=\"wp-block-columns alignwide is-layout-flex wp-container-core-columns-is-layout-7ee84d44 wp-block-columns-is-layout-flex\">\n<div class=\"wp-block-column is-vertically-aligned-center is-layout-flow wp-block-column-is-layout-flow\" style=\"flex-basis:50%\">\n<h2 class=\"wp-block-heading\">Un engagement de qualit\u00e9<\/h2>\n\n\n\n<p class=\"has-medium-font-size\">L\u2019engagement de S\u00e9raphin Parys repose sur trois piliers : authenticit\u00e9, fra\u00eecheur et exigence. Chaque chocolat est fabriqu\u00e9 \u00e0 la main dans notre atelier avec des ingr\u00e9dients nobles, sans conservateurs ni ar\u00f4mes artificiels. Nous mettons un point d\u2019honneur \u00e0 offrir \u00e0 nos clients une exp\u00e9rience gustative unique, en assurant un contr\u00f4le minutieux \u00e0 chaque \u00e9tape de la fabrication, de la f\u00e8ve \u00e0 la tablette.<\/p>\n<\/div>\n\n\n\n<div class=\"wp-block-column is-vertically-aligned-center is-layout-flow wp-block-column-is-layout-flow\" style=\"flex-basis:50%\">\n<figure class=\"wp-block-image size-full\"><img loading=\"lazy\" decoding=\"async\" width=\"1707\" height=\"2560\" src=\"https:\/\/projetstage.fchamard.dev-campus.fr\/wp-content\/uploads\/2025\/05\/artisan-de-chocolat-scaled.jpg\" alt=\"\" class=\"wp-image-100\" style=\"aspect-ratio:1;object-fit:cover\" srcset=\"https:\/\/projetstage.fchamard.dev-campus.fr\/wp-content\/uploads\/2025\/05\/artisan-de-chocolat-scaled.jpg 1707w, https:\/\/projetstage.fchamard.dev-campus.fr\/wp-content\/uploads\/2025\/05\/artisan-de-chocolat-200x300.jpg 200w, https:\/\/projetstage.fchamard.dev-campus.fr\/wp-content\/uploads\/2025\/05\/artisan-de-chocolat-683x1024.jpg 683w, https:\/\/projetstage.fchamard.dev-campus.fr\/wp-content\/uploads\/2025\/05\/artisan-de-chocolat-768x1152.jpg 768w, https:\/\/projetstage.fchamard.dev-campus.fr\/wp-content\/uploads\/2025\/05\/artisan-de-chocolat-1024x1536.jpg 1024w, https:\/\/projetstage.fchamard.dev-campus.fr\/wp-content\/uploads\/2025\/05\/artisan-de-chocolat-1365x2048.jpg 1365w\" sizes=\"auto, (max-width: 1707px) 100vw, 1707px\" \/><\/figure>\n<\/div>\n<\/div>\n<\/div>\n\n\n\n<div class=\"wp-block-group alignfull is-style-section-1 has-global-padding is-layout-constrained wp-block-group-is-layout-constrained is-style-section-1--3\" style=\"margin-top:0;margin-bottom:0;padding-top:var(--wp--preset--spacing--80);padding-bottom:var(--wp--preset--spacing--80)\">\n<h2 class=\"wp-block-heading has-text-align-center\">Les Diff\u00e9rent Labels de S\u00e9raphin Parys<\/h2>\n\n\n\n<div style=\"height:var(--wp--preset--spacing--30)\" aria-hidden=\"true\" class=\"wp-block-spacer\"><\/div>\n\n\n\n<div class=\"wp-block-group alignwide is-content-justification-center is-layout-flex wp-container-core-group-is-layout-2c471116 wp-block-group-is-layout-flex\">\n<figure class=\"wp-block-image size-full is-resized\"><img loading=\"lazy\" decoding=\"async\" width=\"1024\" height=\"1024\" src=\"https:\/\/projetstage.fchamard.dev-campus.fr\/wp-content\/uploads\/2025\/05\/Label-rouge-1024x1024-1.webp\" alt=\"\" class=\"wp-image-102\" style=\"aspect-ratio:1.3333333333333333;object-fit:contain;width:272px;height:auto\" srcset=\"https:\/\/projetstage.fchamard.dev-campus.fr\/wp-content\/uploads\/2025\/05\/Label-rouge-1024x1024-1.webp 1024w, https:\/\/projetstage.fchamard.dev-campus.fr\/wp-content\/uploads\/2025\/05\/Label-rouge-1024x1024-1-300x300.webp 300w, https:\/\/projetstage.fchamard.dev-campus.fr\/wp-content\/uploads\/2025\/05\/Label-rouge-1024x1024-1-150x150.webp 150w, https:\/\/projetstage.fchamard.dev-campus.fr\/wp-content\/uploads\/2025\/05\/Label-rouge-1024x1024-1-768x768.webp 768w\" sizes=\"auto, (max-width: 1024px) 100vw, 1024px\" \/><\/figure>\n\n\n\n<figure class=\"wp-block-image size-large is-resized\"><img loading=\"lazy\" decoding=\"async\" width=\"1021\" height=\"1024\" src=\"https:\/\/projetstage.fchamard.dev-campus.fr\/wp-content\/uploads\/2025\/05\/logo-Entreprise-du-Patrimoine-Vivant-EPV-2000-2000-1021x1024.jpg\" alt=\"\" class=\"wp-image-103\" style=\"aspect-ratio:1.3333333333333333;object-fit:contain;width:277px;height:auto\" srcset=\"https:\/\/projetstage.fchamard.dev-campus.fr\/wp-content\/uploads\/2025\/05\/logo-Entreprise-du-Patrimoine-Vivant-EPV-2000-2000-1021x1024.jpg 1021w, https:\/\/projetstage.fchamard.dev-campus.fr\/wp-content\/uploads\/2025\/05\/logo-Entreprise-du-Patrimoine-Vivant-EPV-2000-2000-300x300.jpg 300w, https:\/\/projetstage.fchamard.dev-campus.fr\/wp-content\/uploads\/2025\/05\/logo-Entreprise-du-Patrimoine-Vivant-EPV-2000-2000-150x150.jpg 150w, https:\/\/projetstage.fchamard.dev-campus.fr\/wp-content\/uploads\/2025\/05\/logo-Entreprise-du-Patrimoine-Vivant-EPV-2000-2000-768x770.jpg 768w, https:\/\/projetstage.fchamard.dev-campus.fr\/wp-content\/uploads\/2025\/05\/logo-Entreprise-du-Patrimoine-Vivant-EPV-2000-2000-1532x1536.jpg 1532w, https:\/\/projetstage.fchamard.dev-campus.fr\/wp-content\/uploads\/2025\/05\/logo-Entreprise-du-Patrimoine-Vivant-EPV-2000-2000.jpg 2000w\" sizes=\"auto, (max-width: 1021px) 100vw, 1021px\" \/><\/figure>\n\n\n\n<figure class=\"wp-block-image size-full is-resized\"><img loading=\"lazy\" decoding=\"async\" width=\"816\" height=\"816\" src=\"https:\/\/projetstage.fchamard.dev-campus.fr\/wp-content\/uploads\/2025\/05\/fairtrade.jpg\" alt=\"\" class=\"wp-image-101\" style=\"aspect-ratio:1.3333333333333333;object-fit:contain;width:275px;height:auto\" srcset=\"https:\/\/projetstage.fchamard.dev-campus.fr\/wp-content\/uploads\/2025\/05\/fairtrade.jpg 816w, https:\/\/projetstage.fchamard.dev-campus.fr\/wp-content\/uploads\/2025\/05\/fairtrade-300x300.jpg 300w, https:\/\/projetstage.fchamard.dev-campus.fr\/wp-content\/uploads\/2025\/05\/fairtrade-150x150.jpg 150w, https:\/\/projetstage.fchamard.dev-campus.fr\/wp-content\/uploads\/2025\/05\/fairtrade-768x768.jpg 768w\" sizes=\"auto, (max-width: 816px) 100vw, 816px\" \/><\/figure>\n<\/div>\n<\/div>\n\n\n\n<p><\/p>\n","protected":false},"excerpt":{"rendered":"<p>Une Veille de qualit\u00e9 Nous menons une veille constante sur les mati\u00e8res premi\u00e8res, les normes sanitaires et les tendances du march\u00e9 afin de garantir un chocolat d\u2019excellence. Nous s\u00e9lectionnons avec rigueur nos fournisseurs de cacao et privil\u00e9gions les circuits courts et durables. Cette attention continue nous permet d\u2019ajuster nos recettes et nos proc\u00e9d\u00e9s pour rester [&hellip;]<\/p>\n","protected":false},"author":1,"featured_media":0,"parent":0,"menu_order":0,"comment_status":"closed","ping_status":"closed","template":"","meta":{"footnotes":""},"class_list":["post-98","page","type-page","status-publish","hentry"],"_links":{"self":[{"href":"https:\/\/projetstage.fchamard.dev-campus.fr\/index.php\/wp-json\/wp\/v2\/pages\/98","targetHints":{"allow":["GET"]}}],"collection":[{"href":"https:\/\/projetstage.fchamard.dev-campus.fr\/index.php\/wp-json\/wp\/v2\/pages"}],"about":[{"href":"https:\/\/projetstage.fchamard.dev-campus.fr\/index.php\/wp-json\/wp\/v2\/types\/page"}],"author":[{"embeddable":true,"href":"https:\/\/projetstage.fchamard.dev-campus.fr\/index.php\/wp-json\/wp\/v2\/users\/1"}],"replies":[{"embeddable":true,"href":"https:\/\/projetstage.fchamard.dev-campus.fr\/index.php\/wp-json\/wp\/v2\/comments?post=98"}],"version-history":[{"count":1,"href":"https:\/\/projetstage.fchamard.dev-campus.fr\/index.php\/wp-json\/wp\/v2\/pages\/98\/revisions"}],"predecessor-version":[{"id":104,"href":"https:\/\/projetstage.fchamard.dev-campus.fr\/index.php\/wp-json\/wp\/v2\/pages\/98\/revisions\/104"}],"wp:attachment":[{"href":"https:\/\/projetstage.fchamard.dev-campus.fr\/index.php\/wp-json\/wp\/v2\/media?parent=98"}],"curies":[{"name":"wp","href":"https:\/\/api.w.org\/{rel}","templated":true}]}}