{"id":80,"date":"2025-05-21T11:22:16","date_gmt":"2025-05-21T11:22:16","guid":{"rendered":"https:\/\/projetstage.fchamard.dev-campus.fr\/?page_id=80"},"modified":"2025-05-21T11:43:44","modified_gmt":"2025-05-21T11:43:44","slug":"mention-legale","status":"publish","type":"page","link":"https:\/\/projetstage.fchamard.dev-campus.fr\/index.php\/mention-legale\/","title":{"rendered":"Mention L\u00e9gale"},"content":{"rendered":"\n<h2 class=\"wp-block-heading\"><strong>Mentions l\u00e9gales \u2013 Chocolaterie S\u00e9raphin Parys<\/strong><\/h2>\n\n\n\n<p><strong>\u00c9diteur du site :<\/strong><br>S\u00e9raphin Parys<br>Chocolaterie artisanale<br> 22 de la rue Islote Horacio<br>Reims \u2013 France<br>T\u00e9l\u00e9phone : 0545424657<br>Email : SP@gmail.com<br>SIRET : 46784289754245<br>Responsable de la publication : S\u00e9raphin Parys<\/p>\n\n\n\n<p><strong>H\u00e9bergeur du site :<\/strong><br>VPS Plesk<br>T\u00e9l\u00e9phone : 0924548737<\/p>\n","protected":false},"excerpt":{"rendered":"<p>Mentions l\u00e9gales \u2013 Chocolaterie S\u00e9raphin Parys \u00c9diteur du site :S\u00e9raphin ParysChocolaterie artisanale 22 de la rue Islote HoracioReims \u2013 FranceT\u00e9l\u00e9phone : 0545424657Email : SP@gmail.comSIRET : 46784289754245Responsable de la publication : S\u00e9raphin Parys H\u00e9bergeur du site :VPS PleskT\u00e9l\u00e9phone : 0924548737<\/p>\n","protected":false},"author":1,"featured_media":0,"parent":0,"menu_order":0,"comment_status":"closed","ping_status":"closed","template":"","meta":{"footnotes":""},"class_list":["post-80","page","type-page","status-publish","hentry"],"_links":{"self":[{"href":"https:\/\/projetstage.fchamard.dev-campus.fr\/index.php\/wp-json\/wp\/v2\/pages\/80","targetHints":{"allow":["GET"]}}],"collection":[{"href":"https:\/\/projetstage.fchamard.dev-campus.fr\/index.php\/wp-json\/wp\/v2\/pages"}],"about":[{"href":"https:\/\/projetstage.fchamard.dev-campus.fr\/index.php\/wp-json\/wp\/v2\/types\/page"}],"author":[{"embeddable":true,"href":"https:\/\/projetstage.fchamard.dev-campus.fr\/index.php\/wp-json\/wp\/v2\/users\/1"}],"replies":[{"embeddable":true,"href":"https:\/\/projetstage.fchamard.dev-campus.fr\/index.php\/wp-json\/wp\/v2\/comments?post=80"}],"version-history":[{"count":3,"href":"https:\/\/projetstage.fchamard.dev-campus.fr\/index.php\/wp-json\/wp\/v2\/pages\/80\/revisions"}],"predecessor-version":[{"id":90,"href":"https:\/\/projetstage.fchamard.dev-campus.fr\/index.php\/wp-json\/wp\/v2\/pages\/80\/revisions\/90"}],"wp:attachment":[{"href":"https:\/\/projetstage.fchamard.dev-campus.fr\/index.php\/wp-json\/wp\/v2\/media?parent=80"}],"curies":[{"name":"wp","href":"https:\/\/api.w.org\/{rel}","templated":true}]}}