{"id":22,"date":"2025-05-20T11:20:58","date_gmt":"2025-05-20T11:20:58","guid":{"rendered":"https:\/\/projetstage.fchamard.dev-campus.fr\/?page_id=22"},"modified":"2025-05-21T12:16:21","modified_gmt":"2025-05-21T12:16:21","slug":"galerie-photo","status":"publish","type":"page","link":"https:\/\/projetstage.fchamard.dev-campus.fr\/index.php\/galerie-photo\/","title":{"rendered":"Galerie Photo"},"content":{"rendered":"\n<div class=\"wp-block-group alignfull has-global-padding is-layout-constrained wp-block-group-is-layout-constrained\" style=\"margin-top:0;margin-bottom:0;padding-top:var(--wp--preset--spacing--50);padding-bottom:var(--wp--preset--spacing--50)\">\n<div class=\"wp-block-columns alignwide is-layout-flex wp-container-core-columns-is-layout-47c06fe3 wp-block-columns-is-layout-flex\">\n<div class=\"wp-block-column is-layout-flow wp-block-column-is-layout-flow\" style=\"flex-basis:56%\">\n<figure class=\"wp-block-image size-full\"><img loading=\"lazy\" decoding=\"async\" width=\"1707\" height=\"2560\" src=\"https:\/\/projetstage.fchamard.dev-campus.fr\/wp-content\/uploads\/2025\/05\/oeuf-en-chocolat-scaled.jpg\" alt=\"\" class=\"wp-image-66\" style=\"aspect-ratio:1;object-fit:cover\" srcset=\"https:\/\/projetstage.fchamard.dev-campus.fr\/wp-content\/uploads\/2025\/05\/oeuf-en-chocolat-scaled.jpg 1707w, https:\/\/projetstage.fchamard.dev-campus.fr\/wp-content\/uploads\/2025\/05\/oeuf-en-chocolat-200x300.jpg 200w, https:\/\/projetstage.fchamard.dev-campus.fr\/wp-content\/uploads\/2025\/05\/oeuf-en-chocolat-683x1024.jpg 683w, https:\/\/projetstage.fchamard.dev-campus.fr\/wp-content\/uploads\/2025\/05\/oeuf-en-chocolat-768x1152.jpg 768w, https:\/\/projetstage.fchamard.dev-campus.fr\/wp-content\/uploads\/2025\/05\/oeuf-en-chocolat-1024x1536.jpg 1024w, https:\/\/projetstage.fchamard.dev-campus.fr\/wp-content\/uploads\/2025\/05\/oeuf-en-chocolat-1365x2048.jpg 1365w\" sizes=\"auto, (max-width: 1707px) 100vw, 1707px\" \/><\/figure>\n<\/div>\n\n\n\n<div class=\"wp-block-column is-vertically-aligned-center is-layout-flow wp-container-core-column-is-layout-119bc444 wp-block-column-is-layout-flow\">\n<h2 class=\"wp-block-heading\">Nouveaut\u00e9s<\/h2>\n\n\n\n<p>Tout comme les chocolat ,<\/p>\n\n\n\n<p>S\u00e9raphin Parys propose de nouveau \u0153uf en <\/p>\n\n\n\n<p>chocolat \u00e0 la pate d&rsquo;amande et au chocolat<\/p>\n\n\n\n<div class=\"wp-block-buttons is-layout-flex wp-block-buttons-is-layout-flex\"><\/div>\n<\/div>\n<\/div>\n<\/div>\n\n\n\n<div class=\"wp-block-group alignfull has-global-padding is-layout-constrained wp-block-group-is-layout-constrained\" style=\"margin-top:0;margin-bottom:0;padding-top:var(--wp--preset--spacing--50);padding-bottom:var(--wp--preset--spacing--50)\">\n<div class=\"wp-block-group alignwide is-layout-grid wp-container-core-group-is-layout-840b37f5 wp-block-group-is-layout-grid\">\n<div class=\"wp-block-group is-vertical is-layout-flex wp-container-core-group-is-layout-d6b9ab57 wp-block-group-is-layout-flex\">\n<h2 class=\"wp-block-heading has-x-large-font-size\">Cat\u00e9gories principales<\/h2>\n<\/div>\n\n\n\n<div class=\"wp-block-group is-vertical is-content-justification-stretch is-layout-flex wp-container-core-group-is-layout-353c4f5a wp-block-group-is-layout-flex\">\n<div class=\"wp-block-cover is-light\"><img loading=\"lazy\" decoding=\"async\" width=\"768\" height=\"1024\" class=\"wp-block-cover__image-background wp-image-70 size-large\" alt=\"\" src=\"https:\/\/projetstage.fchamard.dev-campus.fr\/wp-content\/uploads\/2025\/05\/Chocolat-blanc-768x1024.jpg\" data-object-fit=\"cover\" srcset=\"https:\/\/projetstage.fchamard.dev-campus.fr\/wp-content\/uploads\/2025\/05\/Chocolat-blanc-768x1024.jpg 768w, https:\/\/projetstage.fchamard.dev-campus.fr\/wp-content\/uploads\/2025\/05\/Chocolat-blanc-225x300.jpg 225w, https:\/\/projetstage.fchamard.dev-campus.fr\/wp-content\/uploads\/2025\/05\/Chocolat-blanc-1152x1536.jpg 1152w, https:\/\/projetstage.fchamard.dev-campus.fr\/wp-content\/uploads\/2025\/05\/Chocolat-blanc-1536x2048.jpg 1536w, https:\/\/projetstage.fchamard.dev-campus.fr\/wp-content\/uploads\/2025\/05\/Chocolat-blanc-scaled.jpg 1920w\" sizes=\"auto, (max-width: 768px) 100vw, 768px\" \/><span aria-hidden=\"true\" class=\"wp-block-cover__background has-background-dim-0 has-background-dim\" style=\"background-color:#cec7bc\"><\/span><div class=\"wp-block-cover__inner-container has-global-padding is-layout-constrained wp-block-cover-is-layout-constrained\">\n<div style=\"height:var(--wp--preset--spacing--20)\" aria-hidden=\"true\" class=\"wp-block-spacer\"><\/div>\n<\/div><\/div>\n\n\n\n<p class=\"has-text-align-center\">Chocolat blanc<\/p>\n<\/div>\n\n\n\n<div class=\"wp-block-group is-vertical is-content-justification-stretch is-layout-flex wp-container-core-group-is-layout-353c4f5a wp-block-group-is-layout-flex\">\n<div class=\"wp-block-cover is-light\"><img loading=\"lazy\" decoding=\"async\" width=\"683\" height=\"1024\" class=\"wp-block-cover__image-background wp-image-69 size-large\" alt=\"\" src=\"https:\/\/projetstage.fchamard.dev-campus.fr\/wp-content\/uploads\/2025\/05\/Chocolat-au-lait-683x1024.jpg\" data-object-fit=\"cover\" srcset=\"https:\/\/projetstage.fchamard.dev-campus.fr\/wp-content\/uploads\/2025\/05\/Chocolat-au-lait-683x1024.jpg 683w, https:\/\/projetstage.fchamard.dev-campus.fr\/wp-content\/uploads\/2025\/05\/Chocolat-au-lait-200x300.jpg 200w, https:\/\/projetstage.fchamard.dev-campus.fr\/wp-content\/uploads\/2025\/05\/Chocolat-au-lait-768x1152.jpg 768w, https:\/\/projetstage.fchamard.dev-campus.fr\/wp-content\/uploads\/2025\/05\/Chocolat-au-lait-1024x1536.jpg 1024w, https:\/\/projetstage.fchamard.dev-campus.fr\/wp-content\/uploads\/2025\/05\/Chocolat-au-lait-1365x2048.jpg 1365w, https:\/\/projetstage.fchamard.dev-campus.fr\/wp-content\/uploads\/2025\/05\/Chocolat-au-lait-scaled.jpg 1707w\" sizes=\"auto, (max-width: 683px) 100vw, 683px\" \/><span aria-hidden=\"true\" class=\"wp-block-cover__background has-background-dim-0 has-background-dim\" style=\"background-color:#828282\"><\/span><div class=\"wp-block-cover__inner-container has-global-padding is-layout-constrained wp-block-cover-is-layout-constrained\">\n<div style=\"height:var(--wp--preset--spacing--20)\" aria-hidden=\"true\" class=\"wp-block-spacer\"><\/div>\n<\/div><\/div>\n\n\n\n<p class=\"has-text-align-center\">Chocolat au lait<\/p>\n<\/div>\n\n\n\n<div class=\"wp-block-group is-vertical is-content-justification-stretch is-layout-flex wp-container-core-group-is-layout-353c4f5a wp-block-group-is-layout-flex\">\n<div class=\"wp-block-cover\"><img loading=\"lazy\" decoding=\"async\" width=\"683\" height=\"1024\" class=\"wp-block-cover__image-background wp-image-68 size-large\" alt=\"\" src=\"https:\/\/projetstage.fchamard.dev-campus.fr\/wp-content\/uploads\/2025\/05\/Chocolat-noir-683x1024.jpg\" data-object-fit=\"cover\" srcset=\"https:\/\/projetstage.fchamard.dev-campus.fr\/wp-content\/uploads\/2025\/05\/Chocolat-noir-683x1024.jpg 683w, https:\/\/projetstage.fchamard.dev-campus.fr\/wp-content\/uploads\/2025\/05\/Chocolat-noir-200x300.jpg 200w, https:\/\/projetstage.fchamard.dev-campus.fr\/wp-content\/uploads\/2025\/05\/Chocolat-noir-768x1152.jpg 768w, https:\/\/projetstage.fchamard.dev-campus.fr\/wp-content\/uploads\/2025\/05\/Chocolat-noir-1024x1536.jpg 1024w, https:\/\/projetstage.fchamard.dev-campus.fr\/wp-content\/uploads\/2025\/05\/Chocolat-noir-1365x2048.jpg 1365w, https:\/\/projetstage.fchamard.dev-campus.fr\/wp-content\/uploads\/2025\/05\/Chocolat-noir-scaled.jpg 1707w\" sizes=\"auto, (max-width: 683px) 100vw, 683px\" \/><span aria-hidden=\"true\" class=\"wp-block-cover__background has-background-dim-0 has-background-dim\" style=\"background-color:#d6bc98\"><\/span><div class=\"wp-block-cover__inner-container has-global-padding is-layout-constrained wp-block-cover-is-layout-constrained\">\n<div style=\"height:var(--wp--preset--spacing--20)\" aria-hidden=\"true\" class=\"wp-block-spacer\"><\/div>\n<\/div><\/div>\n\n\n\n<p class=\"has-text-align-center\">Chocolat noir<\/p>\n<\/div>\n<\/div>\n<\/div>\n\n\n\n<div class=\"wp-block-group alignfull has-global-padding is-layout-constrained wp-block-group-is-layout-constrained\" style=\"margin-top:0;margin-bottom:0;padding-top:var(--wp--preset--spacing--50);padding-bottom:var(--wp--preset--spacing--50)\">\n<div class=\"wp-block-group alignwide is-layout-grid wp-container-core-group-is-layout-21f393a4 wp-block-group-is-layout-grid\">\n<div class=\"wp-block-group is-style-section-3 has-global-padding is-layout-constrained wp-block-group-is-layout-constrained is-style-section-3--1\" style=\"min-height:297px\">\n<div class=\"wp-block-group is-vertical is-content-justification-center is-layout-flex wp-container-core-group-is-layout-4aa192bb wp-block-group-is-layout-flex\" style=\"min-height:100%\">\n<h2 class=\"wp-block-heading has-large-font-size\">Cat\u00e9gorie secondaire<\/h2>\n\n\n\n<p class=\"has-text-align-center has-medium-font-size\">Les chocolat sp\u00e9ciaux<\/p>\n<\/div>\n<\/div>\n\n\n\n<figure class=\"wp-block-image size-full\"><img loading=\"lazy\" decoding=\"async\" width=\"1707\" height=\"2560\" src=\"https:\/\/projetstage.fchamard.dev-campus.fr\/wp-content\/uploads\/2025\/05\/gateau-au-chocolat-scaled.jpg\" alt=\"\" class=\"wp-image-71\" style=\"aspect-ratio:1;object-fit:cover\" srcset=\"https:\/\/projetstage.fchamard.dev-campus.fr\/wp-content\/uploads\/2025\/05\/gateau-au-chocolat-scaled.jpg 1707w, https:\/\/projetstage.fchamard.dev-campus.fr\/wp-content\/uploads\/2025\/05\/gateau-au-chocolat-200x300.jpg 200w, https:\/\/projetstage.fchamard.dev-campus.fr\/wp-content\/uploads\/2025\/05\/gateau-au-chocolat-683x1024.jpg 683w, https:\/\/projetstage.fchamard.dev-campus.fr\/wp-content\/uploads\/2025\/05\/gateau-au-chocolat-768x1152.jpg 768w, https:\/\/projetstage.fchamard.dev-campus.fr\/wp-content\/uploads\/2025\/05\/gateau-au-chocolat-1024x1536.jpg 1024w, https:\/\/projetstage.fchamard.dev-campus.fr\/wp-content\/uploads\/2025\/05\/gateau-au-chocolat-1365x2048.jpg 1365w\" sizes=\"auto, (max-width: 1707px) 100vw, 1707px\" \/><\/figure>\n\n\n\n<figure class=\"wp-block-image size-full\"><img loading=\"lazy\" decoding=\"async\" width=\"1709\" height=\"2560\" src=\"https:\/\/projetstage.fchamard.dev-campus.fr\/wp-content\/uploads\/2025\/05\/boule-noisette-chocolat-scaled.jpg\" alt=\"\" class=\"wp-image-72\" style=\"aspect-ratio:1;object-fit:cover\" srcset=\"https:\/\/projetstage.fchamard.dev-campus.fr\/wp-content\/uploads\/2025\/05\/boule-noisette-chocolat-scaled.jpg 1709w, https:\/\/projetstage.fchamard.dev-campus.fr\/wp-content\/uploads\/2025\/05\/boule-noisette-chocolat-200x300.jpg 200w, https:\/\/projetstage.fchamard.dev-campus.fr\/wp-content\/uploads\/2025\/05\/boule-noisette-chocolat-684x1024.jpg 684w, https:\/\/projetstage.fchamard.dev-campus.fr\/wp-content\/uploads\/2025\/05\/boule-noisette-chocolat-768x1150.jpg 768w, https:\/\/projetstage.fchamard.dev-campus.fr\/wp-content\/uploads\/2025\/05\/boule-noisette-chocolat-1025x1536.jpg 1025w, https:\/\/projetstage.fchamard.dev-campus.fr\/wp-content\/uploads\/2025\/05\/boule-noisette-chocolat-1367x2048.jpg 1367w\" sizes=\"auto, (max-width: 1709px) 100vw, 1709px\" \/><\/figure>\n\n\n\n<figure class=\"wp-block-image size-full\"><img loading=\"lazy\" decoding=\"async\" width=\"1707\" height=\"2560\" src=\"https:\/\/projetstage.fchamard.dev-campus.fr\/wp-content\/uploads\/2025\/05\/chocolat-love-scaled.jpg\" alt=\"\" class=\"wp-image-73\" style=\"aspect-ratio:1;object-fit:cover\" srcset=\"https:\/\/projetstage.fchamard.dev-campus.fr\/wp-content\/uploads\/2025\/05\/chocolat-love-scaled.jpg 1707w, https:\/\/projetstage.fchamard.dev-campus.fr\/wp-content\/uploads\/2025\/05\/chocolat-love-200x300.jpg 200w, https:\/\/projetstage.fchamard.dev-campus.fr\/wp-content\/uploads\/2025\/05\/chocolat-love-683x1024.jpg 683w, https:\/\/projetstage.fchamard.dev-campus.fr\/wp-content\/uploads\/2025\/05\/chocolat-love-768x1152.jpg 768w, https:\/\/projetstage.fchamard.dev-campus.fr\/wp-content\/uploads\/2025\/05\/chocolat-love-1024x1536.jpg 1024w, https:\/\/projetstage.fchamard.dev-campus.fr\/wp-content\/uploads\/2025\/05\/chocolat-love-1365x2048.jpg 1365w\" sizes=\"auto, (max-width: 1707px) 100vw, 1707px\" \/><\/figure>\n\n\n\n<figure class=\"wp-block-image size-full\"><img loading=\"lazy\" decoding=\"async\" width=\"1707\" height=\"2560\" src=\"https:\/\/projetstage.fchamard.dev-campus.fr\/wp-content\/uploads\/2025\/05\/boite-macaron-scaled.jpg\" alt=\"\" class=\"wp-image-74\" style=\"aspect-ratio:1;object-fit:cover\" srcset=\"https:\/\/projetstage.fchamard.dev-campus.fr\/wp-content\/uploads\/2025\/05\/boite-macaron-scaled.jpg 1707w, https:\/\/projetstage.fchamard.dev-campus.fr\/wp-content\/uploads\/2025\/05\/boite-macaron-200x300.jpg 200w, https:\/\/projetstage.fchamard.dev-campus.fr\/wp-content\/uploads\/2025\/05\/boite-macaron-683x1024.jpg 683w, https:\/\/projetstage.fchamard.dev-campus.fr\/wp-content\/uploads\/2025\/05\/boite-macaron-768x1152.jpg 768w, https:\/\/projetstage.fchamard.dev-campus.fr\/wp-content\/uploads\/2025\/05\/boite-macaron-1024x1536.jpg 1024w, https:\/\/projetstage.fchamard.dev-campus.fr\/wp-content\/uploads\/2025\/05\/boite-macaron-1366x2048.jpg 1366w\" sizes=\"auto, (max-width: 1707px) 100vw, 1707px\" \/><\/figure>\n\n\n\n<figure class=\"wp-block-image size-full\"><img loading=\"lazy\" decoding=\"async\" width=\"1707\" height=\"2560\" src=\"https:\/\/projetstage.fchamard.dev-campus.fr\/wp-content\/uploads\/2025\/05\/macaron-chocolat-blanc-scaled.jpg\" alt=\"\" class=\"wp-image-75\" style=\"aspect-ratio:1;object-fit:cover\" srcset=\"https:\/\/projetstage.fchamard.dev-campus.fr\/wp-content\/uploads\/2025\/05\/macaron-chocolat-blanc-scaled.jpg 1707w, https:\/\/projetstage.fchamard.dev-campus.fr\/wp-content\/uploads\/2025\/05\/macaron-chocolat-blanc-200x300.jpg 200w, https:\/\/projetstage.fchamard.dev-campus.fr\/wp-content\/uploads\/2025\/05\/macaron-chocolat-blanc-683x1024.jpg 683w, https:\/\/projetstage.fchamard.dev-campus.fr\/wp-content\/uploads\/2025\/05\/macaron-chocolat-blanc-768x1152.jpg 768w, https:\/\/projetstage.fchamard.dev-campus.fr\/wp-content\/uploads\/2025\/05\/macaron-chocolat-blanc-1024x1536.jpg 1024w, https:\/\/projetstage.fchamard.dev-campus.fr\/wp-content\/uploads\/2025\/05\/macaron-chocolat-blanc-1365x2048.jpg 1365w\" sizes=\"auto, (max-width: 1707px) 100vw, 1707px\" \/><\/figure>\n\n\n\n<figure class=\"wp-block-image size-full\"><img decoding=\"async\" src=\"https:\/\/projetstage.fchamard.dev-campus.fr\/wp-content\/uploads\/2025\/05\/choco-cake-au-cafe.jpg\" alt=\"\" class=\"wp-image-76\" style=\"aspect-ratio:1;object-fit:cover\"\/><\/figure>\n\n\n\n<figure class=\"wp-block-image size-full\"><img loading=\"lazy\" decoding=\"async\" width=\"1703\" height=\"2560\" src=\"https:\/\/projetstage.fchamard.dev-campus.fr\/wp-content\/uploads\/2025\/05\/choco-cake-a-la-fraise-scaled.jpg\" alt=\"\" class=\"wp-image-77\" style=\"aspect-ratio:1;object-fit:cover\" srcset=\"https:\/\/projetstage.fchamard.dev-campus.fr\/wp-content\/uploads\/2025\/05\/choco-cake-a-la-fraise-scaled.jpg 1703w, https:\/\/projetstage.fchamard.dev-campus.fr\/wp-content\/uploads\/2025\/05\/choco-cake-a-la-fraise-200x300.jpg 200w, https:\/\/projetstage.fchamard.dev-campus.fr\/wp-content\/uploads\/2025\/05\/choco-cake-a-la-fraise-681x1024.jpg 681w, https:\/\/projetstage.fchamard.dev-campus.fr\/wp-content\/uploads\/2025\/05\/choco-cake-a-la-fraise-768x1154.jpg 768w, https:\/\/projetstage.fchamard.dev-campus.fr\/wp-content\/uploads\/2025\/05\/choco-cake-a-la-fraise-1022x1536.jpg 1022w, https:\/\/projetstage.fchamard.dev-campus.fr\/wp-content\/uploads\/2025\/05\/choco-cake-a-la-fraise-1363x2048.jpg 1363w\" sizes=\"auto, (max-width: 1703px) 100vw, 1703px\" \/><\/figure>\n<\/div>\n<\/div>\n","protected":false},"excerpt":{"rendered":"<p>Nouveaut\u00e9s Tout comme les chocolat , S\u00e9raphin Parys propose de nouveau \u0153uf en chocolat \u00e0 la pate d&rsquo;amande et au chocolat Cat\u00e9gories principales Chocolat blanc Chocolat au lait Chocolat noir Cat\u00e9gorie secondaire Les chocolat sp\u00e9ciaux<\/p>\n","protected":false},"author":1,"featured_media":0,"parent":0,"menu_order":0,"comment_status":"closed","ping_status":"closed","template":"","meta":{"footnotes":""},"class_list":["post-22","page","type-page","status-publish","hentry"],"_links":{"self":[{"href":"https:\/\/projetstage.fchamard.dev-campus.fr\/index.php\/wp-json\/wp\/v2\/pages\/22","targetHints":{"allow":["GET"]}}],"collection":[{"href":"https:\/\/projetstage.fchamard.dev-campus.fr\/index.php\/wp-json\/wp\/v2\/pages"}],"about":[{"href":"https:\/\/projetstage.fchamard.dev-campus.fr\/index.php\/wp-json\/wp\/v2\/types\/page"}],"author":[{"embeddable":true,"href":"https:\/\/projetstage.fchamard.dev-campus.fr\/index.php\/wp-json\/wp\/v2\/users\/1"}],"replies":[{"embeddable":true,"href":"https:\/\/projetstage.fchamard.dev-campus.fr\/index.php\/wp-json\/wp\/v2\/comments?post=22"}],"version-history":[{"count":5,"href":"https:\/\/projetstage.fchamard.dev-campus.fr\/index.php\/wp-json\/wp\/v2\/pages\/22\/revisions"}],"predecessor-version":[{"id":106,"href":"https:\/\/projetstage.fchamard.dev-campus.fr\/index.php\/wp-json\/wp\/v2\/pages\/22\/revisions\/106"}],"wp:attachment":[{"href":"https:\/\/projetstage.fchamard.dev-campus.fr\/index.php\/wp-json\/wp\/v2\/media?parent=22"}],"curies":[{"name":"wp","href":"https:\/\/api.w.org\/{rel}","templated":true}]}}